{"id":94917,"date":"2024-01-17T15:11:04","date_gmt":"2024-01-17T20:11:04","guid":{"rendered":"https:\/\/hugogirard.com\/motivational-speaker\/"},"modified":"2024-02-22T12:36:10","modified_gmt":"2024-02-22T17:36:10","slug":"motivational-speaker","status":"publish","type":"page","link":"https:\/\/hugogirard.com\/en\/motivational-speaker\/","title":{"rendered":"Motivational speaker"},"content":{"rendered":"\t\t<div data-elementor-type=\"wp-page\" data-elementor-id=\"94917\" class=\"elementor elementor-94917 elementor-93616\" data-elementor-post-type=\"page\">\n\t\t\t\t\t\t<section class=\"elementor-section elementor-top-section elementor-element elementor-element-f292e92 elementor-reverse-tablet elementor-reverse-mobile elementor-section-height-min-height elementor-section-items-bottom elementor-section-full_width elementor-section-content-top elementor-hidden-tablet elementor-hidden-mobile elementor-section-height-default\" data-id=\"f292e92\" data-element_type=\"section\" data-e-type=\"section\" data-settings=\"{&quot;background_background&quot;:&quot;slideshow&quot;,&quot;background_slideshow_gallery&quot;:[{&quot;id&quot;:94517,&quot;url&quot;:&quot;https:\\\/\\\/hugogirard.com\\\/wp-content\\\/uploads\\\/2024\\\/01\\\/Design-sans-titre-55.jpg&quot;}],&quot;background_slideshow_loop&quot;:&quot;yes&quot;,&quot;background_slideshow_slide_duration&quot;:5000,&quot;background_slideshow_slide_transition&quot;:&quot;fade&quot;,&quot;background_slideshow_transition_duration&quot;:500}\">\n\t\t\t\t\t\t\t<div class=\"elementor-background-overlay\"><\/div>\n\t\t\t\t\t\t\t<div class=\"elementor-container elementor-column-gap-narrow\">\n\t\t\t\t\t<div class=\"elementor-column elementor-col-100 elementor-top-column elementor-element elementor-element-54bd828\" data-id=\"54bd828\" data-element_type=\"column\" data-e-type=\"column\" data-settings=\"{&quot;background_background&quot;:&quot;classic&quot;}\">\n\t\t\t<div class=\"elementor-widget-wrap elementor-element-populated\">\n\t\t\t\t\t\t<div class=\"elementor-element elementor-element-41054bc elementor-widget elementor-widget-the7-heading\" data-id=\"41054bc\" data-element_type=\"widget\" data-e-type=\"widget\" data-widget_type=\"the7-heading.default\">\n\t\t\t\t<div class=\"elementor-widget-container\">\n\t\t\t\t\t<h1 class=\"the7-heading-title elementor-size-default\">CONF\u00c9RENCIER MOTIVATEUR - HUGO GIRARD<\/h1>\t\t\t\t<\/div>\n\t\t\t\t<\/div>\n\t\t\t\t<div class=\"elementor-element elementor-element-33d9f64 elementor-widget elementor-widget-heading\" data-id=\"33d9f64\" data-element_type=\"widget\" data-e-type=\"widget\" data-widget_type=\"heading.default\">\n\t\t\t\t<div class=\"elementor-widget-container\">\n\t\t\t\t\t<h3 class=\"elementor-heading-title elementor-size-default\">A MOTIVATING CONFERENCE<\/h3>\t\t\t\t<\/div>\n\t\t\t\t<\/div>\n\t\t\t\t\t<\/div>\n\t\t<\/div>\n\t\t\t\t\t<\/div>\n\t\t<\/section>\n\t\t\t\t<section class=\"elementor-section elementor-top-section elementor-element elementor-element-d24ddd7 elementor-reverse-tablet elementor-reverse-mobile elementor-section-height-min-height elementor-section-items-bottom elementor-section-full_width elementor-section-content-top elementor-hidden-desktop elementor-section-height-default\" data-id=\"d24ddd7\" data-element_type=\"section\" data-e-type=\"section\" data-settings=\"{&quot;background_background&quot;:&quot;slideshow&quot;,&quot;background_slideshow_gallery&quot;:[{&quot;id&quot;:94517,&quot;url&quot;:&quot;https:\\\/\\\/hugogirard.com\\\/wp-content\\\/uploads\\\/2024\\\/01\\\/Design-sans-titre-55.jpg&quot;}],&quot;background_slideshow_loop&quot;:&quot;yes&quot;,&quot;background_slideshow_slide_duration&quot;:5000,&quot;background_slideshow_slide_transition&quot;:&quot;fade&quot;,&quot;background_slideshow_transition_duration&quot;:500}\">\n\t\t\t\t\t\t\t<div class=\"elementor-background-overlay\"><\/div>\n\t\t\t\t\t\t\t<div class=\"elementor-container elementor-column-gap-narrow\">\n\t\t\t\t\t<div class=\"elementor-column elementor-col-100 elementor-top-column elementor-element elementor-element-eaebd9d\" data-id=\"eaebd9d\" data-element_type=\"column\" data-e-type=\"column\" data-settings=\"{&quot;background_background&quot;:&quot;classic&quot;}\">\n\t\t\t<div class=\"elementor-widget-wrap elementor-element-populated\">\n\t\t\t\t\t\t<div class=\"elementor-element elementor-element-5a5030c elementor-widget elementor-widget-the7-heading\" data-id=\"5a5030c\" data-element_type=\"widget\" data-e-type=\"widget\" data-widget_type=\"the7-heading.default\">\n\t\t\t\t<div class=\"elementor-widget-container\">\n\t\t\t\t\t<h1 class=\"the7-heading-title elementor-size-default\">CONF\u00c9RENCIER MOTIVATEUR - HUGO GIRARD<\/h1>\t\t\t\t<\/div>\n\t\t\t\t<\/div>\n\t\t\t\t<div class=\"elementor-element elementor-element-413a83e elementor-widget elementor-widget-heading\" data-id=\"413a83e\" data-element_type=\"widget\" data-e-type=\"widget\" data-widget_type=\"heading.default\">\n\t\t\t\t<div class=\"elementor-widget-container\">\n\t\t\t\t\t<h3 class=\"elementor-heading-title elementor-size-default\">A MOTIVATING CONFERENCE<\/h3>\t\t\t\t<\/div>\n\t\t\t\t<\/div>\n\t\t\t\t\t<\/div>\n\t\t<\/div>\n\t\t\t\t\t<\/div>\n\t\t<\/section>\n\t\t<div class=\"elementor-element elementor-element-91eed0e e-flex e-con-boxed e-con e-parent\" data-id=\"91eed0e\" data-element_type=\"container\" data-e-type=\"container\">\n\t\t\t\t\t<div class=\"e-con-inner\">\n\t\t\t\t<div class=\"elementor-element elementor-element-3fba205 elementor-widget elementor-widget-spacer\" data-id=\"3fba205\" data-element_type=\"widget\" data-e-type=\"widget\" data-widget_type=\"spacer.default\">\n\t\t\t\t<div class=\"elementor-widget-container\">\n\t\t\t\t\t\t\t<div class=\"elementor-spacer\">\n\t\t\t<div class=\"elementor-spacer-inner\"><\/div>\n\t\t<\/div>\n\t\t\t\t\t\t<\/div>\n\t\t\t\t<\/div>\n\t\t\t\t<div class=\"elementor-element elementor-element-d438eef elementor-widget elementor-widget-heading\" data-id=\"d438eef\" data-element_type=\"widget\" data-e-type=\"widget\" data-widget_type=\"heading.default\">\n\t\t\t\t<div class=\"elementor-widget-container\">\n\t\t\t\t\t<h2 class=\"elementor-heading-title elementor-size-default\">LA FORCE DU D\u00c9PASSEMENT motivational conference<\/h2>\t\t\t\t<\/div>\n\t\t\t\t<\/div>\n\t\t\t\t<div class=\"elementor-element elementor-element-e24833e elementor-widget elementor-widget-heading\" data-id=\"e24833e\" data-element_type=\"widget\" data-e-type=\"widget\" data-widget_type=\"heading.default\">\n\t\t\t\t<div class=\"elementor-widget-container\">\n\t\t\t\t\t<h2 class=\"elementor-heading-title elementor-size-default\">FOR BUSINESSES AND SECONDARY SCHOOLS<\/h2>\t\t\t\t<\/div>\n\t\t\t\t<\/div>\n\t\t\t\t<div class=\"elementor-element elementor-element-b87880a elementor-widget elementor-widget-text-editor\" data-id=\"b87880a\" data-element_type=\"widget\" data-e-type=\"widget\" data-widget_type=\"text-editor.default\">\n\t\t\t\t<div class=\"elementor-widget-container\">\n\t\t\t\t\t\t\t\t\t<p><span style=\"font-weight: 400;\">Through his conference <a href=\"https:\/\/www.ppscanada.com\/service\/hugo-girard-la-force-du-depassement-hugo-girard-conference\/\" target=\"_blank\" rel=\"noopener\">La force du d\u00e9passement<\/a>, Hugo Girard, strength athlete and accomplished businessman, aims to make people aware of their full potential. In his view, the only limits are those we impose on ourselves. Motivational speaker Hugo Girard demonstrates, through his career as an international professional athlete and strongman, that success depends on oneself and one&#8217;s will to act.<\/span><\/p>\n<p><span style=\"font-weight: 400;\">*50-minute lecture on motivation, followed by a question period*.<\/span><\/p>\n\t\t\t\t\t\t\t\t<\/div>\n\t\t\t\t<\/div>\n\t\t<div class=\"elementor-element elementor-element-a6366d9 e-flex e-con-boxed e-con e-child\" data-id=\"a6366d9\" data-element_type=\"container\" data-e-type=\"container\" data-settings=\"{&quot;background_background&quot;:&quot;classic&quot;}\">\n\t\t\t\t\t<div class=\"e-con-inner\">\n\t\t\t\t<div class=\"elementor-element elementor-element-98eadd2 elementor-widget elementor-widget-the7-heading\" data-id=\"98eadd2\" data-element_type=\"widget\" data-e-type=\"widget\" data-widget_type=\"the7-heading.default\">\n\t\t\t\t<div class=\"elementor-widget-container\">\n\t\t\t\t\t<h2 class=\"the7-heading-title elementor-size-default\"><br>Une conf\u00e9rence adapt\u00e9e \u00e0 vos besoins\n<\/h2>\t\t\t\t<\/div>\n\t\t\t\t<\/div>\n\t\t\t\t<div class=\"elementor-element elementor-element-dcc38c9 elementor-widget elementor-widget-text-editor\" data-id=\"dcc38c9\" data-element_type=\"widget\" data-e-type=\"widget\" data-widget_type=\"text-editor.default\">\n\t\t\t\t<div class=\"elementor-widget-container\">\n\t\t\t\t\t\t\t\t\t<p><em><span style=\"font-weight: 400;\">Hugo Girard is able to adapt his lectures to the needs of the audience. During an initial meeting with you, he takes the time to understand your company&#8217;s reality and specific needs.<\/span><\/em><\/p>\n\t\t\t\t\t\t\t\t<\/div>\n\t\t\t\t<\/div>\n\t\t\t\t<div class=\"elementor-element elementor-element-08c5ac9 elementor-widget elementor-widget-spacer\" data-id=\"08c5ac9\" data-element_type=\"widget\" data-e-type=\"widget\" data-widget_type=\"spacer.default\">\n\t\t\t\t<div class=\"elementor-widget-container\">\n\t\t\t\t\t\t\t<div class=\"elementor-spacer\">\n\t\t\t<div class=\"elementor-spacer-inner\"><\/div>\n\t\t<\/div>\n\t\t\t\t\t\t<\/div>\n\t\t\t\t<\/div>\n\t\t\t\t\t<\/div>\n\t\t\t\t<\/div>\n\t\t\t\t<div class=\"elementor-element elementor-element-8ca212b elementor-widget elementor-widget-heading\" data-id=\"8ca212b\" data-element_type=\"widget\" data-e-type=\"widget\" data-widget_type=\"heading.default\">\n\t\t\t\t<div class=\"elementor-widget-container\">\n\t\t\t\t\t<h2 class=\"elementor-heading-title elementor-size-default\">To book motivational speaker Hugo Girard<\/h2>\t\t\t\t<\/div>\n\t\t\t\t<\/div>\n\t\t\t\t<div class=\"elementor-element elementor-element-06e1e36 elementor-widget elementor-widget-text-editor\" data-id=\"06e1e36\" data-element_type=\"widget\" data-e-type=\"widget\" data-widget_type=\"text-editor.default\">\n\t\t\t\t<div class=\"elementor-widget-container\">\n\t\t\t\t\t\t\t\t\t<p>PPS CANADA<\/p>\n<p><a href=\"tel:4188364888\"><span style=\"font-weight: 400;\">418 836-4888<\/span><\/a><\/p>\n<p><a href=\"mailto:info@ppscanada.com\">info@ppscanada.com<\/a><\/p>\n\t\t\t\t\t\t\t\t<\/div>\n\t\t\t\t<\/div>\n\t\t\t\t<div class=\"elementor-element elementor-element-7453171 elementor-widget elementor-widget-html\" data-id=\"7453171\" data-element_type=\"widget\" data-e-type=\"widget\" data-widget_type=\"html.default\">\n\t\t\t\t<div class=\"elementor-widget-container\">\n\t\t\t\t\t<iframe aria-label=\"Hugo Girard -La Force du d\u00e9passement\" frameborder=\"0\" style=\"height:1000px;width:99%;border:none;\" src=\"https:\/\/forms.zohopublic.com\/ppscanada\/form\/HugoGirardSantetscuritautravail\/formperma\/hQLpT-GJUdvb4j_ZiWP8rmbE2CjrWN66apsMuKsVTWw\"><\/iframe>\t\t\t\t<\/div>\n\t\t\t\t<\/div>\n\t\t\t\t\t<\/div>\n\t\t\t\t<\/div>\n\t\t\t\t<\/div>\n\t\t","protected":false},"excerpt":{"rendered":"<p>CONF\u00c9RENCIER MOTIVATEUR &#8211; HUGO GIRARD A MOTIVATING CONFERENCE CONF\u00c9RENCIER MOTIVATEUR &#8211; HUGO GIRARD A MOTIVATING CONFERENCE LA FORCE DU D\u00c9PASSEMENT motivational conference FOR BUSINESSES AND SECONDARY SCHOOLS Through his conference La force du d\u00e9passement, Hugo Girard, strength athlete and accomplished businessman, aims to make people aware of their full potential. In his view, the only&hellip;<\/p>\n","protected":false},"author":2,"featured_media":94855,"parent":0,"menu_order":0,"comment_status":"closed","ping_status":"closed","template":"elementor_header_footer","meta":{"footnotes":""},"class_list":["post-94917","page","type-page","status-publish","has-post-thumbnail","hentry"],"yoast_head":"<!-- This site is optimized with the Yoast SEO plugin v27.3 - https:\/\/yoast.com\/product\/yoast-seo-wordpress\/ -->\n<title>Motivational speaker Hugo Girard - The power of surpassing oneself<\/title>\n<meta name=\"description\" content=\"Motivational speaker Hugo Girard presents his conference on motivation and surpassing oneself, La force du d\u00e9passement.\" \/>\n<meta name=\"robots\" content=\"index, follow, max-snippet:-1, max-image-preview:large, max-video-preview:-1\" \/>\n<link rel=\"canonical\" href=\"https:\/\/hugogirard.com\/en\/motivational-speaker\/\" \/>\n<meta property=\"og:locale\" content=\"en_US\" \/>\n<meta property=\"og:type\" content=\"article\" \/>\n<meta property=\"og:title\" content=\"Motivational speaker Hugo Girard - The power of surpassing oneself\" \/>\n<meta property=\"og:description\" content=\"Motivational speaker Hugo Girard presents his conference on motivation and surpassing oneself, La force du d\u00e9passement.\" \/>\n<meta property=\"og:url\" content=\"https:\/\/hugogirard.com\/en\/motivational-speaker\/\" \/>\n<meta property=\"og:site_name\" content=\"Hugo Girard | Site officiel\" \/>\n<meta property=\"article:publisher\" content=\"https:\/\/www.facebook.com\/page.hugo.girard\" \/>\n<meta property=\"article:modified_time\" content=\"2024-02-22T17:36:10+00:00\" \/>\n<meta property=\"og:image\" content=\"https:\/\/hugogirard.com\/wp-content\/uploads\/2024\/01\/Design-sans-titre-51.jpg\" \/>\n\t<meta property=\"og:image:width\" content=\"1200\" \/>\n\t<meta property=\"og:image:height\" content=\"630\" \/>\n\t<meta property=\"og:image:type\" content=\"image\/jpeg\" \/>\n<meta name=\"twitter:card\" content=\"summary_large_image\" \/>\n<meta name=\"twitter:label1\" content=\"Est. reading time\" \/>\n\t<meta name=\"twitter:data1\" content=\"1 minute\" \/>\n<script type=\"application\/ld+json\" class=\"yoast-schema-graph\">{\"@context\":\"https:\\\/\\\/schema.org\",\"@graph\":[{\"@type\":\"WebPage\",\"@id\":\"https:\\\/\\\/hugogirard.com\\\/en\\\/motivational-speaker\\\/\",\"url\":\"https:\\\/\\\/hugogirard.com\\\/en\\\/motivational-speaker\\\/\",\"name\":\"Motivational speaker Hugo Girard - The power of surpassing oneself\",\"isPartOf\":{\"@id\":\"https:\\\/\\\/hugogirard.com\\\/en\\\/#website\"},\"primaryImageOfPage\":{\"@id\":\"https:\\\/\\\/hugogirard.com\\\/en\\\/motivational-speaker\\\/#primaryimage\"},\"image\":{\"@id\":\"https:\\\/\\\/hugogirard.com\\\/en\\\/motivational-speaker\\\/#primaryimage\"},\"thumbnailUrl\":\"https:\\\/\\\/hugogirard.com\\\/wp-content\\\/uploads\\\/2024\\\/01\\\/Design-sans-titre-51.jpg\",\"datePublished\":\"2024-01-17T20:11:04+00:00\",\"dateModified\":\"2024-02-22T17:36:10+00:00\",\"description\":\"Motivational speaker Hugo Girard presents his conference on motivation and surpassing oneself, La force du d\u00e9passement.\",\"breadcrumb\":{\"@id\":\"https:\\\/\\\/hugogirard.com\\\/en\\\/motivational-speaker\\\/#breadcrumb\"},\"inLanguage\":\"en-US\",\"potentialAction\":[{\"@type\":\"ReadAction\",\"target\":[\"https:\\\/\\\/hugogirard.com\\\/en\\\/motivational-speaker\\\/\"]}]},{\"@type\":\"ImageObject\",\"inLanguage\":\"en-US\",\"@id\":\"https:\\\/\\\/hugogirard.com\\\/en\\\/motivational-speaker\\\/#primaryimage\",\"url\":\"https:\\\/\\\/hugogirard.com\\\/wp-content\\\/uploads\\\/2024\\\/01\\\/Design-sans-titre-51.jpg\",\"contentUrl\":\"https:\\\/\\\/hugogirard.com\\\/wp-content\\\/uploads\\\/2024\\\/01\\\/Design-sans-titre-51.jpg\",\"width\":1200,\"height\":630},{\"@type\":\"BreadcrumbList\",\"@id\":\"https:\\\/\\\/hugogirard.com\\\/en\\\/motivational-speaker\\\/#breadcrumb\",\"itemListElement\":[{\"@type\":\"ListItem\",\"position\":1,\"name\":\"Accueil\",\"item\":\"https:\\\/\\\/hugogirard.com\\\/en\\\/\"},{\"@type\":\"ListItem\",\"position\":2,\"name\":\"Motivational speaker\"}]},{\"@type\":\"WebSite\",\"@id\":\"https:\\\/\\\/hugogirard.com\\\/en\\\/#website\",\"url\":\"https:\\\/\\\/hugogirard.com\\\/en\\\/\",\"name\":\"Hugo Girard | Site officiel\",\"description\":\"La force du d\u00e9passement\",\"publisher\":{\"@id\":\"https:\\\/\\\/hugogirard.com\\\/en\\\/#organization\"},\"potentialAction\":[{\"@type\":\"SearchAction\",\"target\":{\"@type\":\"EntryPoint\",\"urlTemplate\":\"https:\\\/\\\/hugogirard.com\\\/en\\\/?s={search_term_string}\"},\"query-input\":{\"@type\":\"PropertyValueSpecification\",\"valueRequired\":true,\"valueName\":\"search_term_string\"}}],\"inLanguage\":\"en-US\"},{\"@type\":\"Organization\",\"@id\":\"https:\\\/\\\/hugogirard.com\\\/en\\\/#organization\",\"name\":\"Hugo Girard | Site officiel\",\"url\":\"https:\\\/\\\/hugogirard.com\\\/en\\\/\",\"logo\":{\"@type\":\"ImageObject\",\"inLanguage\":\"en-US\",\"@id\":\"https:\\\/\\\/hugogirard.com\\\/en\\\/#\\\/schema\\\/logo\\\/image\\\/\",\"url\":\"https:\\\/\\\/hugogirard.com\\\/wp-content\\\/uploads\\\/2024\\\/01\\\/Design-sans-titre-2.png\",\"contentUrl\":\"https:\\\/\\\/hugogirard.com\\\/wp-content\\\/uploads\\\/2024\\\/01\\\/Design-sans-titre-2.png\",\"width\":350,\"height\":100,\"caption\":\"Hugo Girard | Site officiel\"},\"image\":{\"@id\":\"https:\\\/\\\/hugogirard.com\\\/en\\\/#\\\/schema\\\/logo\\\/image\\\/\"},\"sameAs\":[\"https:\\\/\\\/www.facebook.com\\\/page.hugo.girard\",\"https:\\\/\\\/www.instagram.com\\\/hugogirardofficiel\\\/\"]}]}<\/script>\n<!-- \/ Yoast SEO plugin. -->","yoast_head_json":{"title":"Motivational speaker Hugo Girard - The power of surpassing oneself","description":"Motivational speaker Hugo Girard presents his conference on motivation and surpassing oneself, La force du d\u00e9passement.","robots":{"index":"index","follow":"follow","max-snippet":"max-snippet:-1","max-image-preview":"max-image-preview:large","max-video-preview":"max-video-preview:-1"},"canonical":"https:\/\/hugogirard.com\/en\/motivational-speaker\/","og_locale":"en_US","og_type":"article","og_title":"Motivational speaker Hugo Girard - The power of surpassing oneself","og_description":"Motivational speaker Hugo Girard presents his conference on motivation and surpassing oneself, La force du d\u00e9passement.","og_url":"https:\/\/hugogirard.com\/en\/motivational-speaker\/","og_site_name":"Hugo Girard | Site officiel","article_publisher":"https:\/\/www.facebook.com\/page.hugo.girard","article_modified_time":"2024-02-22T17:36:10+00:00","og_image":[{"width":1200,"height":630,"url":"https:\/\/hugogirard.com\/wp-content\/uploads\/2024\/01\/Design-sans-titre-51.jpg","type":"image\/jpeg"}],"twitter_card":"summary_large_image","twitter_misc":{"Est. reading time":"1 minute"},"schema":{"@context":"https:\/\/schema.org","@graph":[{"@type":"WebPage","@id":"https:\/\/hugogirard.com\/en\/motivational-speaker\/","url":"https:\/\/hugogirard.com\/en\/motivational-speaker\/","name":"Motivational speaker Hugo Girard - The power of surpassing oneself","isPartOf":{"@id":"https:\/\/hugogirard.com\/en\/#website"},"primaryImageOfPage":{"@id":"https:\/\/hugogirard.com\/en\/motivational-speaker\/#primaryimage"},"image":{"@id":"https:\/\/hugogirard.com\/en\/motivational-speaker\/#primaryimage"},"thumbnailUrl":"https:\/\/hugogirard.com\/wp-content\/uploads\/2024\/01\/Design-sans-titre-51.jpg","datePublished":"2024-01-17T20:11:04+00:00","dateModified":"2024-02-22T17:36:10+00:00","description":"Motivational speaker Hugo Girard presents his conference on motivation and surpassing oneself, La force du d\u00e9passement.","breadcrumb":{"@id":"https:\/\/hugogirard.com\/en\/motivational-speaker\/#breadcrumb"},"inLanguage":"en-US","potentialAction":[{"@type":"ReadAction","target":["https:\/\/hugogirard.com\/en\/motivational-speaker\/"]}]},{"@type":"ImageObject","inLanguage":"en-US","@id":"https:\/\/hugogirard.com\/en\/motivational-speaker\/#primaryimage","url":"https:\/\/hugogirard.com\/wp-content\/uploads\/2024\/01\/Design-sans-titre-51.jpg","contentUrl":"https:\/\/hugogirard.com\/wp-content\/uploads\/2024\/01\/Design-sans-titre-51.jpg","width":1200,"height":630},{"@type":"BreadcrumbList","@id":"https:\/\/hugogirard.com\/en\/motivational-speaker\/#breadcrumb","itemListElement":[{"@type":"ListItem","position":1,"name":"Accueil","item":"https:\/\/hugogirard.com\/en\/"},{"@type":"ListItem","position":2,"name":"Motivational speaker"}]},{"@type":"WebSite","@id":"https:\/\/hugogirard.com\/en\/#website","url":"https:\/\/hugogirard.com\/en\/","name":"Hugo Girard | Site officiel","description":"La force du d\u00e9passement","publisher":{"@id":"https:\/\/hugogirard.com\/en\/#organization"},"potentialAction":[{"@type":"SearchAction","target":{"@type":"EntryPoint","urlTemplate":"https:\/\/hugogirard.com\/en\/?s={search_term_string}"},"query-input":{"@type":"PropertyValueSpecification","valueRequired":true,"valueName":"search_term_string"}}],"inLanguage":"en-US"},{"@type":"Organization","@id":"https:\/\/hugogirard.com\/en\/#organization","name":"Hugo Girard | Site officiel","url":"https:\/\/hugogirard.com\/en\/","logo":{"@type":"ImageObject","inLanguage":"en-US","@id":"https:\/\/hugogirard.com\/en\/#\/schema\/logo\/image\/","url":"https:\/\/hugogirard.com\/wp-content\/uploads\/2024\/01\/Design-sans-titre-2.png","contentUrl":"https:\/\/hugogirard.com\/wp-content\/uploads\/2024\/01\/Design-sans-titre-2.png","width":350,"height":100,"caption":"Hugo Girard | Site officiel"},"image":{"@id":"https:\/\/hugogirard.com\/en\/#\/schema\/logo\/image\/"},"sameAs":["https:\/\/www.facebook.com\/page.hugo.girard","https:\/\/www.instagram.com\/hugogirardofficiel\/"]}]}},"_links":{"self":[{"href":"https:\/\/hugogirard.com\/en\/wp-json\/wp\/v2\/pages\/94917","targetHints":{"allow":["GET"]}}],"collection":[{"href":"https:\/\/hugogirard.com\/en\/wp-json\/wp\/v2\/pages"}],"about":[{"href":"https:\/\/hugogirard.com\/en\/wp-json\/wp\/v2\/types\/page"}],"author":[{"embeddable":true,"href":"https:\/\/hugogirard.com\/en\/wp-json\/wp\/v2\/users\/2"}],"replies":[{"embeddable":true,"href":"https:\/\/hugogirard.com\/en\/wp-json\/wp\/v2\/comments?post=94917"}],"version-history":[{"count":0,"href":"https:\/\/hugogirard.com\/en\/wp-json\/wp\/v2\/pages\/94917\/revisions"}],"wp:featuredmedia":[{"embeddable":true,"href":"https:\/\/hugogirard.com\/en\/wp-json\/wp\/v2\/media\/94855"}],"wp:attachment":[{"href":"https:\/\/hugogirard.com\/en\/wp-json\/wp\/v2\/media?parent=94917"}],"curies":[{"name":"wp","href":"https:\/\/api.w.org\/{rel}","templated":true}]}}