{"id":94924,"date":"2024-01-17T14:51:31","date_gmt":"2024-01-17T19:51:31","guid":{"rendered":"https:\/\/hugogirard.com\/sst-conference-occupational-health-and-safety\/"},"modified":"2024-02-22T12:36:12","modified_gmt":"2024-02-22T17:36:12","slug":"sst-conference-occupational-health-and-safety","status":"publish","type":"page","link":"https:\/\/hugogirard.com\/en\/sst-conference-occupational-health-and-safety\/","title":{"rendered":"SST Conference &#8211; Occupational health and safety"},"content":{"rendered":"\t\t<div data-elementor-type=\"wp-page\" data-elementor-id=\"94924\" class=\"elementor elementor-94924 elementor-93593\" data-elementor-post-type=\"page\">\n\t\t\t\t\t\t<section class=\"elementor-section elementor-top-section elementor-element elementor-element-3e1e4f9 elementor-reverse-tablet elementor-reverse-mobile elementor-section-height-min-height elementor-section-full_width elementor-section-content-top elementor-section-height-default elementor-section-items-middle\" data-id=\"3e1e4f9\" data-element_type=\"section\" data-e-type=\"section\" data-settings=\"{&quot;background_background&quot;:&quot;slideshow&quot;,&quot;background_slideshow_gallery&quot;:[{&quot;id&quot;:94756,&quot;url&quot;:&quot;https:\\\/\\\/hugogirard.com\\\/wp-content\\\/uploads\\\/2024\\\/02\\\/Design-sans-titre-14.png&quot;}],&quot;background_slideshow_loop&quot;:&quot;yes&quot;,&quot;background_slideshow_slide_duration&quot;:5000,&quot;background_slideshow_slide_transition&quot;:&quot;fade&quot;,&quot;background_slideshow_transition_duration&quot;:500}\">\n\t\t\t\t\t\t\t<div class=\"elementor-background-overlay\"><\/div>\n\t\t\t\t\t\t\t<div class=\"elementor-container elementor-column-gap-wider\">\n\t\t\t\t\t<div class=\"elementor-column elementor-col-100 elementor-top-column elementor-element elementor-element-2d753c1\" data-id=\"2d753c1\" data-element_type=\"column\" data-e-type=\"column\" data-settings=\"{&quot;background_background&quot;:&quot;classic&quot;}\">\n\t\t\t<div class=\"elementor-widget-wrap elementor-element-populated\">\n\t\t\t\t\t\t<div class=\"elementor-element elementor-element-885249c elementor-widget elementor-widget-the7-heading\" data-id=\"885249c\" data-element_type=\"widget\" data-e-type=\"widget\" data-widget_type=\"the7-heading.default\">\n\t\t\t\t<div class=\"elementor-widget-container\">\n\t\t\t\t\t<h1 class=\"the7-heading-title elementor-size-default\">CONF\u00c9RENCE SST - SANT\u00c9 ET S\u00c9CURIT\u00c9 AU TRAVAIL<\/h1>\t\t\t\t<\/div>\n\t\t\t\t<\/div>\n\t\t\t\t<div class=\"elementor-element elementor-element-38c75aa elementor-widget elementor-widget-heading\" data-id=\"38c75aa\" data-element_type=\"widget\" data-e-type=\"widget\" data-widget_type=\"heading.default\">\n\t\t\t\t<div class=\"elementor-widget-container\">\n\t\t\t\t\t<h3 class=\"elementor-heading-title elementor-size-default\">A conference to raise employee awareness of workplace health and safety issues<\/h3>\t\t\t\t<\/div>\n\t\t\t\t<\/div>\n\t\t\t\t\t<\/div>\n\t\t<\/div>\n\t\t\t\t\t<\/div>\n\t\t<\/section>\n\t\t<div class=\"elementor-element elementor-element-f96d1c0 e-flex e-con-boxed e-con e-parent\" data-id=\"f96d1c0\" data-element_type=\"container\" data-e-type=\"container\">\n\t\t\t\t\t<div class=\"e-con-inner\">\n\t\t\t\t<div class=\"elementor-element elementor-element-5389b52 elementor-widget elementor-widget-spacer\" data-id=\"5389b52\" data-element_type=\"widget\" data-e-type=\"widget\" data-widget_type=\"spacer.default\">\n\t\t\t\t<div class=\"elementor-widget-container\">\n\t\t\t\t\t\t\t<div class=\"elementor-spacer\">\n\t\t\t<div class=\"elementor-spacer-inner\"><\/div>\n\t\t<\/div>\n\t\t\t\t\t\t<\/div>\n\t\t\t\t<\/div>\n\t\t\t\t<div class=\"elementor-element elementor-element-f4f487f elementor-widget elementor-widget-heading\" data-id=\"f4f487f\" data-element_type=\"widget\" data-e-type=\"widget\" data-widget_type=\"heading.default\">\n\t\t\t\t<div class=\"elementor-widget-container\">\n\t\t\t\t\t<h2 class=\"elementor-heading-title elementor-size-default\">A customized occupational health and safety conference for companies<\/h2>\t\t\t\t<\/div>\n\t\t\t\t<\/div>\n\t\t\t\t<div class=\"elementor-element elementor-element-6925358 elementor-widget elementor-widget-text-editor\" data-id=\"6925358\" data-element_type=\"widget\" data-e-type=\"widget\" data-widget_type=\"text-editor.default\">\n\t\t\t\t<div class=\"elementor-widget-container\">\n\t\t\t\t\t\t\t\t\t<p><span style=\"font-weight: 400;\">Drawing on his background as an athlete, former police officer, entrepreneur, speaker and spokesperson for several companies, Hugo Girard raises awareness of the importance of <a href=\"https:\/\/www.ppscanada.com\/service\/conference-securite-au-travail-hugo-girard\/\" target=\"_blank\" rel=\"noopener\">health and safety<\/a> issues in the workplace, and helps employees develop the right tools. The story of this multi-faceted man&#8217;s professional and personal journey is <strong>a beautiful testimonial that serves as inspiration to excel at work and at the same time prevent accidents<\/strong>.<\/span><\/p>\n<p><span style=\"font-weight: 400;\">From patrol techniques to strict adherence to procedures, Hugo has been constantly learning about workplace safety throughout his policing career. As an athlete, he has also integrated mental and physical preparation techniques.  <strong>Being the best you can be, and giving yourself the chance to be, is the philosophy that has guided her professional and personal life.<\/strong><\/span><\/p>\n<p><span style=\"font-weight: 400;\">As a contractor and gym owner, Hugo Girard also has a duty to ensure the health and safety of his employees. He knows the importance of respecting his employer and understanding the health and safety issues inherent in his work, so he can develop the tools to deal with them. He knows that any shortcoming or slackness can have serious consequences.<\/span><\/p>\n<p><span style=\"font-weight: 400;\">Having worked in construction himself, he knows that efficiency cannot take precedence over safety. The real importance lies in the quality of the work carried out on a daily basis, always ensuring the health and safety of every employee.<\/span><\/p>\n<p><span style=\"font-weight: 400;\"><a href=\"https:\/\/www.ppscanada.com\/service\/conference-securite-au-travail-hugo-girard\/\" target=\"_blank\" rel=\"noopener\">His lecture<\/a> is a personalized, human experience based on his rich professional background. <strong>His message is clear: it&#8217;s essential to be at your best to maintain health and safety at all times.<\/strong><\/span><\/p>\n\t\t\t\t\t\t\t\t<\/div>\n\t\t\t\t<\/div>\n\t\t<div class=\"elementor-element elementor-element-510b946 e-flex e-con-boxed e-con e-child\" data-id=\"510b946\" data-element_type=\"container\" data-e-type=\"container\" data-settings=\"{&quot;background_background&quot;:&quot;classic&quot;}\">\n\t\t\t\t\t<div class=\"e-con-inner\">\n\t\t\t\t<div class=\"elementor-element elementor-element-83d10ac elementor-widget elementor-widget-the7-heading\" data-id=\"83d10ac\" data-element_type=\"widget\" data-e-type=\"widget\" data-widget_type=\"the7-heading.default\">\n\t\t\t\t<div class=\"elementor-widget-container\">\n\t\t\t\t\t<h2 class=\"the7-heading-title elementor-size-default\"><br>Une conf\u00e9rence en SST adapt\u00e9e \u00e0 vos besoins\n<\/h2>\t\t\t\t<\/div>\n\t\t\t\t<\/div>\n\t\t\t\t<div class=\"elementor-element elementor-element-8d63ecb elementor-widget elementor-widget-text-editor\" data-id=\"8d63ecb\" data-element_type=\"widget\" data-e-type=\"widget\" data-widget_type=\"text-editor.default\">\n\t\t\t\t<div class=\"elementor-widget-container\">\n\t\t\t\t\t\t\t\t\t<p><em><span style=\"font-weight: 400;\">During an initial meeting with you, Hugo Girard takes the time to understand your company&#8217;s reality and specific needs. He then adapts his talk to raise awareness among your employees, based on his own experience. For Hugo, it&#8217;s all about using the right techniques at the right time, and taking your time to do things right.<\/span><\/em><\/p>\n\t\t\t\t\t\t\t\t<\/div>\n\t\t\t\t<\/div>\n\t\t\t\t<div class=\"elementor-element elementor-element-740a40f elementor-widget elementor-widget-spacer\" data-id=\"740a40f\" data-element_type=\"widget\" data-e-type=\"widget\" data-widget_type=\"spacer.default\">\n\t\t\t\t<div class=\"elementor-widget-container\">\n\t\t\t\t\t\t\t<div class=\"elementor-spacer\">\n\t\t\t<div class=\"elementor-spacer-inner\"><\/div>\n\t\t<\/div>\n\t\t\t\t\t\t<\/div>\n\t\t\t\t<\/div>\n\t\t\t\t\t<\/div>\n\t\t\t\t<\/div>\n\t\t\t\t<div class=\"elementor-element elementor-element-b3f712b elementor-widget elementor-widget-heading\" data-id=\"b3f712b\" data-element_type=\"widget\" data-e-type=\"widget\" data-widget_type=\"heading.default\">\n\t\t\t\t<div class=\"elementor-widget-container\">\n\t\t\t\t\t<h2 class=\"elementor-heading-title elementor-size-default\">Book an occupational health and safety conference<\/h2>\t\t\t\t<\/div>\n\t\t\t\t<\/div>\n\t\t\t\t\t<\/div>\n\t\t\t\t<\/div>\n\t\t<div class=\"elementor-element elementor-element-7d583d0 e-flex e-con-boxed e-con e-parent\" data-id=\"7d583d0\" data-element_type=\"container\" data-e-type=\"container\">\n\t\t\t\t\t<div class=\"e-con-inner\">\n\t\t\t\t<div class=\"elementor-element elementor-element-afc58af elementor-widget elementor-widget-html\" data-id=\"afc58af\" data-element_type=\"widget\" data-e-type=\"widget\" data-widget_type=\"html.default\">\n\t\t\t\t<div class=\"elementor-widget-container\">\n\t\t\t\t\t<iframe aria-label=\"Hugo Girard - Sant\u00e9 et s\u00e9curit\u00e9 au travail\" frameborder=\"0\" style=\"height:1000px;width:99%;border:none;\" src=\"https:\/\/forms.zohopublic.com\/ppscanada\/form\/HugoGirardConfrence\/formperma\/LwrZ_W71Ab0BtxnCKXD7QIq-D2Bl8m25mTDRs18fsxo\"><\/iframe>\n\t\t\t\t<\/div>\n\t\t\t\t<\/div>\n\t\t\t\t\t<\/div>\n\t\t\t\t<\/div>\n\t\t\t\t<\/div>\n\t\t","protected":false},"excerpt":{"rendered":"<p>CONF\u00c9RENCE SST &#8211; SANT\u00c9 ET S\u00c9CURIT\u00c9 AU TRAVAIL A conference to raise employee awareness of workplace health and safety issues A customized occupational health and safety conference for companies Drawing on his background as an athlete, former police officer, entrepreneur, speaker and spokesperson for several companies, Hugo Girard raises awareness of the importance of health&hellip;<\/p>\n","protected":false},"author":2,"featured_media":94886,"parent":0,"menu_order":0,"comment_status":"closed","ping_status":"closed","template":"elementor_header_footer","meta":{"footnotes":""},"class_list":["post-94924","page","type-page","status-publish","has-post-thumbnail","hentry"],"yoast_head":"<!-- This site is optimized with the Yoast SEO plugin v27.3 - https:\/\/yoast.com\/product\/yoast-seo-wordpress\/ -->\n<title>SST Conference - Occupational health and safety - Hugo Girard | Site officiel<\/title>\n<meta name=\"description\" content=\"Hugo Girard offers a customized OHS conference for companies. A beautiful and inspiring testimony.\" \/>\n<meta name=\"robots\" content=\"index, follow, max-snippet:-1, max-image-preview:large, max-video-preview:-1\" \/>\n<link rel=\"canonical\" href=\"https:\/\/hugogirard.com\/en\/sst-conference-occupational-health-and-safety\/\" \/>\n<meta property=\"og:locale\" content=\"en_US\" \/>\n<meta property=\"og:type\" content=\"article\" \/>\n<meta property=\"og:title\" content=\"SST Conference - Occupational health and safety - Hugo Girard | Site officiel\" \/>\n<meta property=\"og:description\" content=\"Hugo Girard offers a customized OHS conference for companies. A beautiful and inspiring testimony.\" \/>\n<meta property=\"og:url\" content=\"https:\/\/hugogirard.com\/en\/sst-conference-occupational-health-and-safety\/\" \/>\n<meta property=\"og:site_name\" content=\"Hugo Girard | Site officiel\" \/>\n<meta property=\"article:publisher\" content=\"https:\/\/www.facebook.com\/page.hugo.girard\" \/>\n<meta property=\"article:modified_time\" content=\"2024-02-22T17:36:12+00:00\" \/>\n<meta property=\"og:image\" content=\"https:\/\/hugogirard.com\/wp-content\/uploads\/2024\/02\/Design-sans-titre-14.png\" \/>\n\t<meta property=\"og:image:width\" content=\"1200\" \/>\n\t<meta property=\"og:image:height\" content=\"800\" \/>\n\t<meta property=\"og:image:type\" content=\"image\/png\" \/>\n<meta name=\"twitter:card\" content=\"summary_large_image\" \/>\n<meta name=\"twitter:label1\" content=\"Est. reading time\" \/>\n\t<meta name=\"twitter:data1\" content=\"2 minutes\" \/>\n<script type=\"application\/ld+json\" class=\"yoast-schema-graph\">{\"@context\":\"https:\\\/\\\/schema.org\",\"@graph\":[{\"@type\":\"WebPage\",\"@id\":\"https:\\\/\\\/hugogirard.com\\\/en\\\/sst-conference-occupational-health-and-safety\\\/\",\"url\":\"https:\\\/\\\/hugogirard.com\\\/en\\\/sst-conference-occupational-health-and-safety\\\/\",\"name\":\"SST Conference - Occupational health and safety - Hugo Girard | Site officiel\",\"isPartOf\":{\"@id\":\"https:\\\/\\\/hugogirard.com\\\/en\\\/#website\"},\"primaryImageOfPage\":{\"@id\":\"https:\\\/\\\/hugogirard.com\\\/en\\\/sst-conference-occupational-health-and-safety\\\/#primaryimage\"},\"image\":{\"@id\":\"https:\\\/\\\/hugogirard.com\\\/en\\\/sst-conference-occupational-health-and-safety\\\/#primaryimage\"},\"thumbnailUrl\":\"https:\\\/\\\/hugogirard.com\\\/wp-content\\\/uploads\\\/2024\\\/02\\\/Design-sans-titre-14.png\",\"datePublished\":\"2024-01-17T19:51:31+00:00\",\"dateModified\":\"2024-02-22T17:36:12+00:00\",\"description\":\"Hugo Girard offers a customized OHS conference for companies. A beautiful and inspiring testimony.\",\"breadcrumb\":{\"@id\":\"https:\\\/\\\/hugogirard.com\\\/en\\\/sst-conference-occupational-health-and-safety\\\/#breadcrumb\"},\"inLanguage\":\"en-US\",\"potentialAction\":[{\"@type\":\"ReadAction\",\"target\":[\"https:\\\/\\\/hugogirard.com\\\/en\\\/sst-conference-occupational-health-and-safety\\\/\"]}]},{\"@type\":\"ImageObject\",\"inLanguage\":\"en-US\",\"@id\":\"https:\\\/\\\/hugogirard.com\\\/en\\\/sst-conference-occupational-health-and-safety\\\/#primaryimage\",\"url\":\"https:\\\/\\\/hugogirard.com\\\/wp-content\\\/uploads\\\/2024\\\/02\\\/Design-sans-titre-14.png\",\"contentUrl\":\"https:\\\/\\\/hugogirard.com\\\/wp-content\\\/uploads\\\/2024\\\/02\\\/Design-sans-titre-14.png\",\"width\":1200,\"height\":800},{\"@type\":\"BreadcrumbList\",\"@id\":\"https:\\\/\\\/hugogirard.com\\\/en\\\/sst-conference-occupational-health-and-safety\\\/#breadcrumb\",\"itemListElement\":[{\"@type\":\"ListItem\",\"position\":1,\"name\":\"Accueil\",\"item\":\"https:\\\/\\\/hugogirard.com\\\/en\\\/\"},{\"@type\":\"ListItem\",\"position\":2,\"name\":\"SST Conference &#8211; Occupational health and safety\"}]},{\"@type\":\"WebSite\",\"@id\":\"https:\\\/\\\/hugogirard.com\\\/en\\\/#website\",\"url\":\"https:\\\/\\\/hugogirard.com\\\/en\\\/\",\"name\":\"Hugo Girard | Site officiel\",\"description\":\"La force du d\u00e9passement\",\"publisher\":{\"@id\":\"https:\\\/\\\/hugogirard.com\\\/en\\\/#organization\"},\"potentialAction\":[{\"@type\":\"SearchAction\",\"target\":{\"@type\":\"EntryPoint\",\"urlTemplate\":\"https:\\\/\\\/hugogirard.com\\\/en\\\/?s={search_term_string}\"},\"query-input\":{\"@type\":\"PropertyValueSpecification\",\"valueRequired\":true,\"valueName\":\"search_term_string\"}}],\"inLanguage\":\"en-US\"},{\"@type\":\"Organization\",\"@id\":\"https:\\\/\\\/hugogirard.com\\\/en\\\/#organization\",\"name\":\"Hugo Girard | Site officiel\",\"url\":\"https:\\\/\\\/hugogirard.com\\\/en\\\/\",\"logo\":{\"@type\":\"ImageObject\",\"inLanguage\":\"en-US\",\"@id\":\"https:\\\/\\\/hugogirard.com\\\/en\\\/#\\\/schema\\\/logo\\\/image\\\/\",\"url\":\"https:\\\/\\\/hugogirard.com\\\/wp-content\\\/uploads\\\/2024\\\/01\\\/Design-sans-titre-2.png\",\"contentUrl\":\"https:\\\/\\\/hugogirard.com\\\/wp-content\\\/uploads\\\/2024\\\/01\\\/Design-sans-titre-2.png\",\"width\":350,\"height\":100,\"caption\":\"Hugo Girard | Site officiel\"},\"image\":{\"@id\":\"https:\\\/\\\/hugogirard.com\\\/en\\\/#\\\/schema\\\/logo\\\/image\\\/\"},\"sameAs\":[\"https:\\\/\\\/www.facebook.com\\\/page.hugo.girard\",\"https:\\\/\\\/www.instagram.com\\\/hugogirardofficiel\\\/\"]}]}<\/script>\n<!-- \/ Yoast SEO plugin. -->","yoast_head_json":{"title":"SST Conference - Occupational health and safety - Hugo Girard | Site officiel","description":"Hugo Girard offers a customized OHS conference for companies. A beautiful and inspiring testimony.","robots":{"index":"index","follow":"follow","max-snippet":"max-snippet:-1","max-image-preview":"max-image-preview:large","max-video-preview":"max-video-preview:-1"},"canonical":"https:\/\/hugogirard.com\/en\/sst-conference-occupational-health-and-safety\/","og_locale":"en_US","og_type":"article","og_title":"SST Conference - Occupational health and safety - Hugo Girard | Site officiel","og_description":"Hugo Girard offers a customized OHS conference for companies. A beautiful and inspiring testimony.","og_url":"https:\/\/hugogirard.com\/en\/sst-conference-occupational-health-and-safety\/","og_site_name":"Hugo Girard | Site officiel","article_publisher":"https:\/\/www.facebook.com\/page.hugo.girard","article_modified_time":"2024-02-22T17:36:12+00:00","og_image":[{"width":1200,"height":800,"url":"https:\/\/hugogirard.com\/wp-content\/uploads\/2024\/02\/Design-sans-titre-14.png","type":"image\/png"}],"twitter_card":"summary_large_image","twitter_misc":{"Est. reading time":"2 minutes"},"schema":{"@context":"https:\/\/schema.org","@graph":[{"@type":"WebPage","@id":"https:\/\/hugogirard.com\/en\/sst-conference-occupational-health-and-safety\/","url":"https:\/\/hugogirard.com\/en\/sst-conference-occupational-health-and-safety\/","name":"SST Conference - Occupational health and safety - Hugo Girard | Site officiel","isPartOf":{"@id":"https:\/\/hugogirard.com\/en\/#website"},"primaryImageOfPage":{"@id":"https:\/\/hugogirard.com\/en\/sst-conference-occupational-health-and-safety\/#primaryimage"},"image":{"@id":"https:\/\/hugogirard.com\/en\/sst-conference-occupational-health-and-safety\/#primaryimage"},"thumbnailUrl":"https:\/\/hugogirard.com\/wp-content\/uploads\/2024\/02\/Design-sans-titre-14.png","datePublished":"2024-01-17T19:51:31+00:00","dateModified":"2024-02-22T17:36:12+00:00","description":"Hugo Girard offers a customized OHS conference for companies. A beautiful and inspiring testimony.","breadcrumb":{"@id":"https:\/\/hugogirard.com\/en\/sst-conference-occupational-health-and-safety\/#breadcrumb"},"inLanguage":"en-US","potentialAction":[{"@type":"ReadAction","target":["https:\/\/hugogirard.com\/en\/sst-conference-occupational-health-and-safety\/"]}]},{"@type":"ImageObject","inLanguage":"en-US","@id":"https:\/\/hugogirard.com\/en\/sst-conference-occupational-health-and-safety\/#primaryimage","url":"https:\/\/hugogirard.com\/wp-content\/uploads\/2024\/02\/Design-sans-titre-14.png","contentUrl":"https:\/\/hugogirard.com\/wp-content\/uploads\/2024\/02\/Design-sans-titre-14.png","width":1200,"height":800},{"@type":"BreadcrumbList","@id":"https:\/\/hugogirard.com\/en\/sst-conference-occupational-health-and-safety\/#breadcrumb","itemListElement":[{"@type":"ListItem","position":1,"name":"Accueil","item":"https:\/\/hugogirard.com\/en\/"},{"@type":"ListItem","position":2,"name":"SST Conference &#8211; Occupational health and safety"}]},{"@type":"WebSite","@id":"https:\/\/hugogirard.com\/en\/#website","url":"https:\/\/hugogirard.com\/en\/","name":"Hugo Girard | Site officiel","description":"La force du d\u00e9passement","publisher":{"@id":"https:\/\/hugogirard.com\/en\/#organization"},"potentialAction":[{"@type":"SearchAction","target":{"@type":"EntryPoint","urlTemplate":"https:\/\/hugogirard.com\/en\/?s={search_term_string}"},"query-input":{"@type":"PropertyValueSpecification","valueRequired":true,"valueName":"search_term_string"}}],"inLanguage":"en-US"},{"@type":"Organization","@id":"https:\/\/hugogirard.com\/en\/#organization","name":"Hugo Girard | Site officiel","url":"https:\/\/hugogirard.com\/en\/","logo":{"@type":"ImageObject","inLanguage":"en-US","@id":"https:\/\/hugogirard.com\/en\/#\/schema\/logo\/image\/","url":"https:\/\/hugogirard.com\/wp-content\/uploads\/2024\/01\/Design-sans-titre-2.png","contentUrl":"https:\/\/hugogirard.com\/wp-content\/uploads\/2024\/01\/Design-sans-titre-2.png","width":350,"height":100,"caption":"Hugo Girard | Site officiel"},"image":{"@id":"https:\/\/hugogirard.com\/en\/#\/schema\/logo\/image\/"},"sameAs":["https:\/\/www.facebook.com\/page.hugo.girard","https:\/\/www.instagram.com\/hugogirardofficiel\/"]}]}},"_links":{"self":[{"href":"https:\/\/hugogirard.com\/en\/wp-json\/wp\/v2\/pages\/94924","targetHints":{"allow":["GET"]}}],"collection":[{"href":"https:\/\/hugogirard.com\/en\/wp-json\/wp\/v2\/pages"}],"about":[{"href":"https:\/\/hugogirard.com\/en\/wp-json\/wp\/v2\/types\/page"}],"author":[{"embeddable":true,"href":"https:\/\/hugogirard.com\/en\/wp-json\/wp\/v2\/users\/2"}],"replies":[{"embeddable":true,"href":"https:\/\/hugogirard.com\/en\/wp-json\/wp\/v2\/comments?post=94924"}],"version-history":[{"count":0,"href":"https:\/\/hugogirard.com\/en\/wp-json\/wp\/v2\/pages\/94924\/revisions"}],"wp:featuredmedia":[{"embeddable":true,"href":"https:\/\/hugogirard.com\/en\/wp-json\/wp\/v2\/media\/94886"}],"wp:attachment":[{"href":"https:\/\/hugogirard.com\/en\/wp-json\/wp\/v2\/media?parent=94924"}],"curies":[{"name":"wp","href":"https:\/\/api.w.org\/{rel}","templated":true}]}}